{"id":15,"date":"2019-01-23T14:47:35","date_gmt":"2019-01-23T14:47:35","guid":{"rendered":"http:\/\/ssfu.se\/sv\/?page_id=15"},"modified":"2019-01-28T23:04:26","modified_gmt":"2019-01-28T23:04:26","slug":"mal","status":"publish","type":"page","link":"https:\/\/ssfu.se\/sv\/mal\/","title":{"rendered":"M\u00e5l"},"content":{"rendered":"\n<ol class=\"wp-block-list\"><li>Att \u00f6ppna f\u00f6rskolor, grundskolor fr\u00e5n F-9; gymnasium, institut och universitet.<\/li><li>\u00d6vervaka de utbildningsorganisationer som \u00e4r under stiftelsen, och att kontrollera att de uppfyller de f\u00f6reskrivna regelverken.<\/li><li>Att till\u00e4mpa de svenska och skandinaviska l\u00e4roplanen och riktlinjerna i de utbildnings-organisationerna som \u00e4r under stiftelsen.<\/li><li>Att utveckla ramen f\u00f6r utbildningar och administrationer i stiftelsens utbildnings-organisationer.<\/li><li>Att samarbeta och koordinera med utbildningsministeriet, och att bidra med utveckling inom utbildningen, och f\u00f6rse elever med utbildningsm\u00f6jligheter som \u00e4r anpassade utifr\u00e5n deras kapaciteter och f\u00f6rst\u00e5else.<\/li><li>Att samarbeta och koordinera med offentliga och privata utbildningsorganisationer.<\/li><li>Bedriva seminarier, konferenser och utbildningsm\u00e4ssor i Skandinavien och Norden. <\/li><li>Att delta i nationella och internationella utbildningsaktiviteter.<\/li><\/ol>\n","protected":false},"excerpt":{"rendered":"<p>Att \u00f6ppna f\u00f6rskolor, grundskolor fr\u00e5n F-9; gymnasium, institut och universitet. \u00d6vervaka de utbildningsorganisationer som \u00e4r under stiftelsen, och att kontrollera att de uppfyller de f\u00f6reskrivna regelverken. Att till\u00e4mpa de svenska och skandinaviska l\u00e4roplanen och riktlinjerna i de utbildnings-organisationerna som \u00e4r under stiftelsen. Att utveckla ramen f\u00f6r utbildningar och administrationer i stiftelsens utbildnings-organisationer. Att samarbeta och [&hellip;]<\/p>\n","protected":false},"author":1,"featured_media":0,"parent":0,"menu_order":0,"comment_status":"closed","ping_status":"closed","template":"","meta":{"footnotes":""},"class_list":["post-15","page","type-page","status-publish","hentry"],"_links":{"self":[{"href":"https:\/\/ssfu.se\/sv\/wp-json\/wp\/v2\/pages\/15","targetHints":{"allow":["GET"]}}],"collection":[{"href":"https:\/\/ssfu.se\/sv\/wp-json\/wp\/v2\/pages"}],"about":[{"href":"https:\/\/ssfu.se\/sv\/wp-json\/wp\/v2\/types\/page"}],"author":[{"embeddable":true,"href":"https:\/\/ssfu.se\/sv\/wp-json\/wp\/v2\/users\/1"}],"replies":[{"embeddable":true,"href":"https:\/\/ssfu.se\/sv\/wp-json\/wp\/v2\/comments?post=15"}],"version-history":[{"count":2,"href":"https:\/\/ssfu.se\/sv\/wp-json\/wp\/v2\/pages\/15\/revisions"}],"predecessor-version":[{"id":63,"href":"https:\/\/ssfu.se\/sv\/wp-json\/wp\/v2\/pages\/15\/revisions\/63"}],"wp:attachment":[{"href":"https:\/\/ssfu.se\/sv\/wp-json\/wp\/v2\/media?parent=15"}],"curies":[{"name":"wp","href":"https:\/\/api.w.org\/{rel}","templated":true}]}}