{"id":16,"date":"2019-01-23T14:47:49","date_gmt":"2019-01-23T14:47:49","guid":{"rendered":"http:\/\/ssfu.se\/sv\/?page_id=16"},"modified":"2022-12-11T20:44:34","modified_gmt":"2022-12-11T20:44:34","slug":"kontakta-oss","status":"publish","type":"page","link":"https:\/\/ssfu.se\/sv\/kontakta-oss\/","title":{"rendered":"Kontakta oss"},"content":{"rendered":"\n<h5 class=\"wp-block-heading\">Bes\u00f6ksadressen<\/h5>\n\n\n\n<p>Sundsborgsv\u00e4gen 104, <br>19453 Upplands V\u00e4sby<\/p>\n\n\n\n<h5 class=\"wp-block-heading\">Email<\/h5>\n\n\n\n<p class=\"has-vivid-cyan-blue-color has-text-color\"><a href=\"mailto: info@ssfu.se\"> info@ssfu.se<\/a><\/p>\n\n\n\n<p> Telefon :  +46 (0) 707768906<br><\/p>\n\n\n\n<h5 class=\"wp-block-heading\">Postadress<\/h5>\n\n\n\n<p> BOX Sundsborgsv\u00e4gen 104, <br> 19453 Upplands V\u00e4sby<\/p>\n","protected":false},"excerpt":{"rendered":"<p>Bes\u00f6ksadressen Sundsborgsv\u00e4gen 104, 19453 Upplands V\u00e4sby Email info@ssfu.se Telefon : +46 (0) 707768906 Postadress BOX Sundsborgsv\u00e4gen 104, 19453 Upplands V\u00e4sby<\/p>\n","protected":false},"author":1,"featured_media":0,"parent":0,"menu_order":0,"comment_status":"closed","ping_status":"closed","template":"","meta":{"footnotes":""},"class_list":["post-16","page","type-page","status-publish","hentry"],"_links":{"self":[{"href":"https:\/\/ssfu.se\/sv\/wp-json\/wp\/v2\/pages\/16","targetHints":{"allow":["GET"]}}],"collection":[{"href":"https:\/\/ssfu.se\/sv\/wp-json\/wp\/v2\/pages"}],"about":[{"href":"https:\/\/ssfu.se\/sv\/wp-json\/wp\/v2\/types\/page"}],"author":[{"embeddable":true,"href":"https:\/\/ssfu.se\/sv\/wp-json\/wp\/v2\/users\/1"}],"replies":[{"embeddable":true,"href":"https:\/\/ssfu.se\/sv\/wp-json\/wp\/v2\/comments?post=16"}],"version-history":[{"count":5,"href":"https:\/\/ssfu.se\/sv\/wp-json\/wp\/v2\/pages\/16\/revisions"}],"predecessor-version":[{"id":146,"href":"https:\/\/ssfu.se\/sv\/wp-json\/wp\/v2\/pages\/16\/revisions\/146"}],"wp:attachment":[{"href":"https:\/\/ssfu.se\/sv\/wp-json\/wp\/v2\/media?parent=16"}],"curies":[{"name":"wp","href":"https:\/\/api.w.org\/{rel}","templated":true}]}}