{"id":9,"date":"2019-01-23T14:46:57","date_gmt":"2019-01-23T14:46:57","guid":{"rendered":"http:\/\/ssfu.se\/sv\/?page_id=9"},"modified":"2019-01-28T23:02:14","modified_gmt":"2019-01-28T23:02:14","slug":"om-oss","status":"publish","type":"page","link":"https:\/\/ssfu.se\/sv\/om-oss\/","title":{"rendered":"Om oss"},"content":{"rendered":"\n<p>\nEn specialiserad utbildningsorganisation som\narbetar i Skandinavien och de nordiska l\u00e4nderna. Den str\u00e4var efter\natt f\u00f6rse utbildning av h\u00f6g kvalitet utifr\u00e5n dess\nutbildningsorganisationer med utg\u00e5ngspunkt i svenska och\nskandinaviska beskrivningar och standarders. Organisationen f\u00f6ljer\ns\u00e4rskilda best\u00e4mmelser utifr\u00e5n svenska regelverk f\u00f6r stiftelser.\nDess huvudkontor \u00e4r i staden \u00d6rebro.<\/p>\n","protected":false},"excerpt":{"rendered":"<p>En specialiserad utbildningsorganisation som arbetar i Skandinavien och de nordiska l\u00e4nderna. Den str\u00e4var efter att f\u00f6rse utbildning av h\u00f6g kvalitet utifr\u00e5n dess utbildningsorganisationer med utg\u00e5ngspunkt i svenska och skandinaviska beskrivningar och standarders. Organisationen f\u00f6ljer s\u00e4rskilda best\u00e4mmelser utifr\u00e5n svenska regelverk f\u00f6r stiftelser. Dess huvudkontor \u00e4r i staden \u00d6rebro.<\/p>\n","protected":false},"author":1,"featured_media":0,"parent":0,"menu_order":0,"comment_status":"closed","ping_status":"closed","template":"","meta":{"footnotes":""},"class_list":["post-9","page","type-page","status-publish","hentry"],"_links":{"self":[{"href":"https:\/\/ssfu.se\/sv\/wp-json\/wp\/v2\/pages\/9","targetHints":{"allow":["GET"]}}],"collection":[{"href":"https:\/\/ssfu.se\/sv\/wp-json\/wp\/v2\/pages"}],"about":[{"href":"https:\/\/ssfu.se\/sv\/wp-json\/wp\/v2\/types\/page"}],"author":[{"embeddable":true,"href":"https:\/\/ssfu.se\/sv\/wp-json\/wp\/v2\/users\/1"}],"replies":[{"embeddable":true,"href":"https:\/\/ssfu.se\/sv\/wp-json\/wp\/v2\/comments?post=9"}],"version-history":[{"count":2,"href":"https:\/\/ssfu.se\/sv\/wp-json\/wp\/v2\/pages\/9\/revisions"}],"predecessor-version":[{"id":59,"href":"https:\/\/ssfu.se\/sv\/wp-json\/wp\/v2\/pages\/9\/revisions\/59"}],"wp:attachment":[{"href":"https:\/\/ssfu.se\/sv\/wp-json\/wp\/v2\/media?parent=9"}],"curies":[{"name":"wp","href":"https:\/\/api.w.org\/{rel}","templated":true}]}}